{"id":4413,"date":"2023-12-07T12:47:37","date_gmt":"2023-12-07T12:47:37","guid":{"rendered":"http:\/\/sbkdev.cz\/?page_id=4413"},"modified":"2025-09-14T20:02:40","modified_gmt":"2025-09-14T20:02:40","slug":"kontakty","status":"publish","type":"page","link":"https:\/\/participationfactory.com\/cs\/kontakty\/","title":{"rendered":"Kontaktn\u00ed formul\u00e1\u0159"},"content":{"rendered":"\t\t<div data-elementor-type=\"wp-page\" data-elementor-id=\"4413\" class=\"elementor elementor-4413\" data-elementor-post-type=\"page\">\n\t\t\t\t<section class=\"elementor-element elementor-element-8226a84 e-con-full e-flex e-con e-parent\" data-id=\"8226a84\" data-element_type=\"container\" data-e-type=\"container\">\n\t\t<header class=\"elementor-element elementor-element-911cdea e-con-full e-flex e-con e-child\" data-id=\"911cdea\" data-element_type=\"container\" data-e-type=\"container\" data-settings=\"{&quot;background_background&quot;:&quot;classic&quot;}\">\n\t\t<header class=\"elementor-element elementor-element-dfb8ff7 e-con-full e-flex e-con e-child\" data-id=\"dfb8ff7\" data-element_type=\"container\" data-e-type=\"container\" data-settings=\"{&quot;background_background&quot;:&quot;classic&quot;}\">\n\t\t\t\t<div class=\"elementor-element elementor-element-22f16e6 elementor-widget elementor-widget-heading\" data-id=\"22f16e6\" data-element_type=\"widget\" data-e-type=\"widget\" data-widget_type=\"heading.default\">\n\t\t\t\t<div class=\"elementor-widget-container\">\n\t\t\t\t\t<h1 class=\"elementor-heading-title elementor-size-default\">Contacts<\/h1>\t\t\t\t<\/div>\n\t\t\t\t<\/div>\n\t\t\t\t<\/header>\n\t\t<div class=\"elementor-element elementor-element-c418fce e-con-full custom-container e-flex e-con e-child\" data-id=\"c418fce\" data-element_type=\"container\" data-e-type=\"container\">\n\t\t<div class=\"elementor-element elementor-element-89ed88d e-con-full custom-container e-flex e-con e-child\" data-id=\"89ed88d\" data-element_type=\"container\" data-e-type=\"container\">\n\t\t<header class=\"elementor-element elementor-element-f4bfe57 e-con-full e-flex e-con e-child\" data-id=\"f4bfe57\" data-element_type=\"container\" data-e-type=\"container\" data-settings=\"{&quot;background_background&quot;:&quot;classic&quot;}\">\n\t\t\t\t<div class=\"elementor-element elementor-element-6fed247 elementor-widget elementor-widget-text-editor\" data-id=\"6fed247\" data-element_type=\"widget\" data-e-type=\"widget\" data-widget_type=\"text-editor.default\">\n\t\t\t\t<div class=\"elementor-widget-container\">\n\t\t\t\t\t\t\t\t\t<p>Contact our International Director, <strong>Katya Petrikevich<\/strong>, at +420 604 853 564 or <a href=\"mailto:katya@participationfactory.com\">katya@participationfactory.com<\/a>, or use the contact form below.<\/p>\t\t\t\t\t\t\t\t<\/div>\n\t\t\t\t<\/div>\n\t\t\t\t<div class=\"elementor-element elementor-element-f91ef1c elementor-button-align-start elementor-widget__width-inherit elementor-widget elementor-widget-form\" data-id=\"f91ef1c\" data-element_type=\"widget\" data-e-type=\"widget\" data-settings=\"{&quot;step_next_label&quot;:&quot;Next&quot;,&quot;step_previous_label&quot;:&quot;Previous&quot;,&quot;button_width&quot;:&quot;100&quot;,&quot;step_type&quot;:&quot;number_text&quot;,&quot;step_icon_shape&quot;:&quot;circle&quot;}\" data-widget_type=\"form.default\">\n\t\t\t\t<div class=\"elementor-widget-container\">\n\t\t\t\t\t\t\t<form class=\"elementor-form\" method=\"post\" name=\"Contact form\" aria-label=\"Contact form\">\n\t\t\t<input type=\"hidden\" name=\"post_id\" value=\"4413\"\/>\n\t\t\t<input type=\"hidden\" name=\"form_id\" value=\"f91ef1c\"\/>\n\t\t\t<input type=\"hidden\" name=\"referer_title\" value=\"Participation Factory\" \/>\n\n\t\t\t\n\t\t\t<div class=\"elementor-form-fields-wrapper elementor-labels-above\">\n\t\t\t\t\t\t\t\t<div class=\"elementor-field-type-text elementor-field-group elementor-column elementor-field-group-name elementor-col-100 elementor-field-required\">\n\t\t\t\t\t\t\t\t\t\t\t\t<label for=\"form-field-name\" class=\"elementor-field-label\">\n\t\t\t\t\t\t\t\tName\t\t\t\t\t\t\t<\/label>\n\t\t\t\t\t\t\t\t\t\t\t\t\t\t<input size=\"1\" type=\"text\" name=\"form_fields[name]\" id=\"form-field-name\" class=\"elementor-field elementor-size-sm  elementor-field-textual\" required=\"required\">\n\t\t\t\t\t\t\t\t\t\t\t<\/div>\n\t\t\t\t\t\t\t\t<div class=\"elementor-field-type-text elementor-field-group elementor-column elementor-field-group-message elementor-col-100 elementor-field-required\">\n\t\t\t\t\t\t\t\t\t\t\t\t<label for=\"form-field-message\" class=\"elementor-field-label\">\n\t\t\t\t\t\t\t\tOrganization\/Institution\t\t\t\t\t\t\t<\/label>\n\t\t\t\t\t\t\t\t\t\t\t\t\t\t<input size=\"1\" type=\"text\" name=\"form_fields[message]\" id=\"form-field-message\" class=\"elementor-field elementor-size-sm  elementor-field-textual\" required=\"required\">\n\t\t\t\t\t\t\t\t\t\t\t<\/div>\n\t\t\t\t\t\t\t\t<div class=\"elementor-field-type-email elementor-field-group elementor-column elementor-field-group-email elementor-col-100 elementor-field-required\">\n\t\t\t\t\t\t\t\t\t\t\t\t<label for=\"form-field-email\" class=\"elementor-field-label\">\n\t\t\t\t\t\t\t\tEmail\t\t\t\t\t\t\t<\/label>\n\t\t\t\t\t\t\t\t\t\t\t\t\t\t<input size=\"1\" type=\"email\" name=\"form_fields[email]\" id=\"form-field-email\" class=\"elementor-field elementor-size-sm  elementor-field-textual\" required=\"required\">\n\t\t\t\t\t\t\t\t\t\t\t<\/div>\n\t\t\t\t\t\t\t\t<div class=\"elementor-field-type-text elementor-field-group elementor-column elementor-field-group-field_efd6fd6 elementor-col-100\">\n\t\t\t\t\t\t\t\t\t\t\t\t<label for=\"form-field-field_efd6fd6\" class=\"elementor-field-label\">\n\t\t\t\t\t\t\t\tPhone\t\t\t\t\t\t\t<\/label>\n\t\t\t\t\t\t\t\t\t\t\t\t\t\t<input size=\"1\" type=\"text\" name=\"form_fields[field_efd6fd6]\" id=\"form-field-field_efd6fd6\" class=\"elementor-field elementor-size-sm  elementor-field-textual\">\n\t\t\t\t\t\t\t\t\t\t\t<\/div>\n\t\t\t\t\t\t\t\t<div class=\"elementor-field-type-textarea elementor-field-group elementor-column elementor-field-group-field_acdc2b6 elementor-col-100 elementor-field-required\">\n\t\t\t\t\t\t\t\t\t\t\t\t<label for=\"form-field-field_acdc2b6\" class=\"elementor-field-label\">\n\t\t\t\t\t\t\t\tYour message\t\t\t\t\t\t\t<\/label>\n\t\t\t\t\t\t<textarea class=\"elementor-field-textual elementor-field  elementor-size-sm\" name=\"form_fields[field_acdc2b6]\" id=\"form-field-field_acdc2b6\" rows=\"4\" required=\"required\"><\/textarea>\t\t\t\t<\/div>\n\t\t\t\t\t\t\t\t<div class=\"elementor-field-type-recaptcha_v3 elementor-field-group elementor-column elementor-field-group-field_a47dd49 elementor-col-100 recaptcha_v3-bottomright\">\n\t\t\t\t\t<div class=\"elementor-field\" id=\"form-field-field_a47dd49\"><div class=\"elementor-g-recaptcha\" data-sitekey=\"6LdYicIrAAAAADdwlwJ7I8BSQQmM-fi2NlwbNTba\" data-type=\"v3\" data-action=\"Form\" data-badge=\"bottomright\" data-size=\"invisible\"><\/div><\/div>\t\t\t\t<\/div>\n\t\t\t\t\t\t\t\t<div class=\"elementor-field-group elementor-column elementor-field-type-submit elementor-col-100 e-form__buttons\">\n\t\t\t\t\t<button class=\"elementor-button elementor-size-sm\" type=\"submit\">\n\t\t\t\t\t\t<span class=\"elementor-button-content-wrapper\">\n\t\t\t\t\t\t\t\t\t\t\t\t\t\t\t\t\t\t\t\t\t\t<span class=\"elementor-button-text\">Send<\/span>\n\t\t\t\t\t\t\t\t\t\t\t\t\t<\/span>\n\t\t\t\t\t<\/button>\n\t\t\t\t<\/div>\n\t\t\t<\/div>\n\t\t<\/form>\n\t\t\t\t\t\t<\/div>\n\t\t\t\t<\/div>\n\t\t\t\t<\/header>\n\t\t<div class=\"elementor-element elementor-element-88ad543 e-con-full custom-container e-flex e-con e-child\" data-id=\"88ad543\" data-element_type=\"container\" data-e-type=\"container\" data-settings=\"{&quot;background_background&quot;:&quot;classic&quot;,&quot;motion_fx_motion_fx_scrolling&quot;:&quot;yes&quot;,&quot;motion_fx_translateY_effect&quot;:&quot;yes&quot;,&quot;motion_fx_translateY_affectedRange&quot;:{&quot;unit&quot;:&quot;%&quot;,&quot;size&quot;:&quot;&quot;,&quot;sizes&quot;:{&quot;start&quot;:26,&quot;end&quot;:100}},&quot;motion_fx_devices&quot;:[&quot;desktop&quot;,&quot;laptop&quot;],&quot;motion_fx_translateY_speed&quot;:{&quot;unit&quot;:&quot;px&quot;,&quot;size&quot;:4,&quot;sizes&quot;:[]}}\">\n\t\t\t\t<div class=\"elementor-element elementor-element-ee6cfbf elementor-widget elementor-widget-heading\" data-id=\"ee6cfbf\" data-element_type=\"widget\" data-e-type=\"widget\" data-widget_type=\"heading.default\">\n\t\t\t\t<div class=\"elementor-widget-container\">\n\t\t\t\t\t<h3 class=\"elementor-heading-title elementor-size-default\">Company details\u200b<\/h3>\t\t\t\t<\/div>\n\t\t\t\t<\/div>\n\t\t\t\t<div class=\"elementor-element elementor-element-830f41c elementor-widget elementor-widget-text-editor\" data-id=\"830f41c\" data-element_type=\"widget\" data-e-type=\"widget\" data-widget_type=\"text-editor.default\">\n\t\t\t\t<div class=\"elementor-widget-container\">\n\t\t\t\t\t\t\t\t\t<ul><li>Participation Factory s.r.o.<\/li><li><strong>Address<\/strong>: Jeseniova 245\/1, Praha 3 \u2013 \u017di\u017ekov, 130 00<\/li><li><strong>I\u010c<\/strong>: 07897758<\/li><li><strong>Datov\u00e1 schr\u00e1nka<\/strong>: iw8vz8y<\/li><li><strong>Bank account<\/strong>: 2701584511\/2010<\/li><\/ul>\t\t\t\t\t\t\t\t<\/div>\n\t\t\t\t<\/div>\n\t\t\t\t<\/div>\n\t\t\t\t<\/div>\n\t\t\t\t<\/div>\n\t\t\t\t<\/header>\n\t\t\t\t<\/section>\n\t\t\t\t<\/div>\n\t\t","protected":false},"excerpt":{"rendered":"<p>Kontakty Kontaktujte na\u0161i mezin\u00e1rodn\u00ed \u0159editelku K\u00e1\u0165u Petrikevi\u010dovou na telefonn\u00edm \u010d\u00edsle +420 604 853 564 nebo na adrese katya@participationfactory.com, p\u0159\u00edpadn\u011b pou\u017eijte n\u00ed\u017ee uveden\u00fd kontaktn\u00ed formul\u00e1\u0159. Podrobnosti o spole\u010dnosti Participation Factory s.r.o. Adresa: Participation Factory s.r.o: Jeseniova 245\/1, Praha 3 - \u017di\u017ekov, 130 00 I\u010c: 07897758 Datov\u00e1 schr\u00e1nka: iw8vz8y Bankovn\u00ed \u00fa\u010det: 2701584511\/2010<\/p>","protected":false},"author":8,"featured_media":0,"parent":0,"menu_order":0,"comment_status":"closed","ping_status":"closed","template":"","meta":{"_acf_changed":false,"inline_featured_image":false,"footnotes":""},"class_list":["post-4413","page","type-page","status-publish","hentry"],"acf":[],"yoast_head":"<!-- This site is optimized with the Yoast SEO plugin v27.5 - https:\/\/yoast.com\/product\/yoast-seo-wordpress\/ -->\n<title>Contact form - Participation Factory<\/title>\n<meta name=\"robots\" content=\"index, follow, max-snippet:-1, max-image-preview:large, max-video-preview:-1\" \/>\n<link rel=\"canonical\" href=\"https:\/\/participationfactory.com\/cs\/kontakty\/\" \/>\n<meta property=\"og:locale\" content=\"cs_CZ\" \/>\n<meta property=\"og:type\" content=\"article\" \/>\n<meta property=\"og:title\" content=\"Contact form - Participation Factory\" \/>\n<meta property=\"og:description\" content=\"Contacts Contact our International Director, Katya Petrikevich, at +420 604 853 564 or katya@participationfactory.com, or use the contact form below. Company details\u200b Participation Factory s.r.o. Address: Jeseniova 245\/1, Praha 3 \u2013 \u017di\u017ekov, 130 00 I\u010c: 07897758 Datov\u00e1 schr\u00e1nka: iw8vz8y Bank account: 2701584511\/2010\" \/>\n<meta property=\"og:url\" content=\"https:\/\/participationfactory.com\/cs\/kontakty\/\" \/>\n<meta property=\"og:site_name\" content=\"Participation Factory\" \/>\n<meta property=\"article:modified_time\" content=\"2025-09-14T20:02:40+00:00\" \/>\n<meta property=\"og:image\" content=\"https:\/\/participationfactory.com\/wp-content\/uploads\/2025\/09\/OG_image.png\" \/>\n\t<meta property=\"og:image:width\" content=\"1200\" \/>\n\t<meta property=\"og:image:height\" content=\"630\" \/>\n\t<meta property=\"og:image:type\" content=\"image\/png\" \/>\n<meta name=\"twitter:card\" content=\"summary_large_image\" \/>\n<meta name=\"twitter:label1\" content=\"Odhadovan\u00e1 doba \u010dten\u00ed\" \/>\n\t<meta name=\"twitter:data1\" content=\"1 minuta\" \/>\n<script type=\"application\/ld+json\" class=\"yoast-schema-graph\">{\"@context\":\"https:\\\/\\\/schema.org\",\"@graph\":[{\"@type\":\"WebPage\",\"@id\":\"https:\\\/\\\/participationfactory.com\\\/contact-form\\\/\",\"url\":\"https:\\\/\\\/participationfactory.com\\\/contact-form\\\/\",\"name\":\"Contact form - Participation Factory\",\"isPartOf\":{\"@id\":\"https:\\\/\\\/participationfactory.com\\\/en\\\/#website\"},\"datePublished\":\"2023-12-07T12:47:37+00:00\",\"dateModified\":\"2025-09-14T20:02:40+00:00\",\"breadcrumb\":{\"@id\":\"https:\\\/\\\/participationfactory.com\\\/contact-form\\\/#breadcrumb\"},\"inLanguage\":\"cs\",\"potentialAction\":[{\"@type\":\"ReadAction\",\"target\":[\"https:\\\/\\\/participationfactory.com\\\/contact-form\\\/\"]}]},{\"@type\":\"BreadcrumbList\",\"@id\":\"https:\\\/\\\/participationfactory.com\\\/contact-form\\\/#breadcrumb\",\"itemListElement\":[{\"@type\":\"ListItem\",\"position\":1,\"name\":\"Home\",\"item\":\"https:\\\/\\\/participationfactory.com\\\/\"},{\"@type\":\"ListItem\",\"position\":2,\"name\":\"Contact form\"}]},{\"@type\":\"WebSite\",\"@id\":\"https:\\\/\\\/participationfactory.com\\\/en\\\/#website\",\"url\":\"https:\\\/\\\/participationfactory.com\\\/en\\\/\",\"name\":\"Participation Factory\",\"description\":\"\",\"publisher\":{\"@id\":\"https:\\\/\\\/participationfactory.com\\\/en\\\/#organization\"},\"potentialAction\":[{\"@type\":\"SearchAction\",\"target\":{\"@type\":\"EntryPoint\",\"urlTemplate\":\"https:\\\/\\\/participationfactory.com\\\/en\\\/?s={search_term_string}\"},\"query-input\":{\"@type\":\"PropertyValueSpecification\",\"valueRequired\":true,\"valueName\":\"search_term_string\"}}],\"inLanguage\":\"cs\"},{\"@type\":\"Organization\",\"@id\":\"https:\\\/\\\/participationfactory.com\\\/en\\\/#organization\",\"name\":\"Participation Factory\",\"url\":\"https:\\\/\\\/participationfactory.com\\\/en\\\/\",\"logo\":{\"@type\":\"ImageObject\",\"inLanguage\":\"cs\",\"@id\":\"https:\\\/\\\/participationfactory.com\\\/en\\\/#\\\/schema\\\/logo\\\/image\\\/\",\"url\":\"https:\\\/\\\/participationfactory.com\\\/wp-content\\\/uploads\\\/2025\\\/09\\\/logo_participation-factory.svg\",\"contentUrl\":\"https:\\\/\\\/participationfactory.com\\\/wp-content\\\/uploads\\\/2025\\\/09\\\/logo_participation-factory.svg\",\"width\":482,\"height\":213,\"caption\":\"Participation Factory\"},\"image\":{\"@id\":\"https:\\\/\\\/participationfactory.com\\\/en\\\/#\\\/schema\\\/logo\\\/image\\\/\"}}]}<\/script>\n<!-- \/ Yoast SEO plugin. -->","yoast_head_json":{"title":"Kontakty - Participation Factory","robots":{"index":"index","follow":"follow","max-snippet":"max-snippet:-1","max-image-preview":"max-image-preview:large","max-video-preview":"max-video-preview:-1"},"canonical":"https:\/\/participationfactory.com\/cs\/kontakty\/","og_locale":"cs_CZ","og_type":"article","og_title":"Contact form - Participation Factory","og_description":"Contacts Contact our International Director, Katya Petrikevich, at +420 604 853 564 or katya@participationfactory.com, or use the contact form below. Company details\u200b Participation Factory s.r.o. Address: Jeseniova 245\/1, Praha 3 \u2013 \u017di\u017ekov, 130 00 I\u010c: 07897758 Datov\u00e1 schr\u00e1nka: iw8vz8y Bank account: 2701584511\/2010","og_url":"https:\/\/participationfactory.com\/cs\/kontakty\/","og_site_name":"Participation Factory","article_modified_time":"2025-09-14T20:02:40+00:00","og_image":[{"width":1200,"height":630,"url":"https:\/\/participationfactory.com\/wp-content\/uploads\/2025\/09\/OG_image.png","type":"image\/png"}],"twitter_card":"summary_large_image","twitter_misc":{"Odhadovan\u00e1 doba \u010dten\u00ed":"1 minuta"},"schema":{"@context":"https:\/\/schema.org","@graph":[{"@type":"WebPage","@id":"https:\/\/participationfactory.com\/contact-form\/","url":"https:\/\/participationfactory.com\/contact-form\/","name":"Kontakty - Participation Factory","isPartOf":{"@id":"https:\/\/participationfactory.com\/en\/#website"},"datePublished":"2023-12-07T12:47:37+00:00","dateModified":"2025-09-14T20:02:40+00:00","breadcrumb":{"@id":"https:\/\/participationfactory.com\/contact-form\/#breadcrumb"},"inLanguage":"cs","potentialAction":[{"@type":"ReadAction","target":["https:\/\/participationfactory.com\/contact-form\/"]}]},{"@type":"BreadcrumbList","@id":"https:\/\/participationfactory.com\/contact-form\/#breadcrumb","itemListElement":[{"@type":"ListItem","position":1,"name":"Home","item":"https:\/\/participationfactory.com\/"},{"@type":"ListItem","position":2,"name":"Contact form"}]},{"@type":"WebSite","@id":"https:\/\/participationfactory.com\/en\/#website","url":"https:\/\/participationfactory.com\/en\/","name":"Participation Factory","description":"","publisher":{"@id":"https:\/\/participationfactory.com\/en\/#organization"},"potentialAction":[{"@type":"SearchAction","target":{"@type":"EntryPoint","urlTemplate":"https:\/\/participationfactory.com\/en\/?s={search_term_string}"},"query-input":{"@type":"PropertyValueSpecification","valueRequired":true,"valueName":"search_term_string"}}],"inLanguage":"cs"},{"@type":"Organization","@id":"https:\/\/participationfactory.com\/en\/#organization","name":"Participation Factory","url":"https:\/\/participationfactory.com\/en\/","logo":{"@type":"ImageObject","inLanguage":"cs","@id":"https:\/\/participationfactory.com\/en\/#\/schema\/logo\/image\/","url":"https:\/\/participationfactory.com\/wp-content\/uploads\/2025\/09\/logo_participation-factory.svg","contentUrl":"https:\/\/participationfactory.com\/wp-content\/uploads\/2025\/09\/logo_participation-factory.svg","width":482,"height":213,"caption":"Participation Factory"},"image":{"@id":"https:\/\/participationfactory.com\/en\/#\/schema\/logo\/image\/"}}]}},"_links":{"self":[{"href":"https:\/\/participationfactory.com\/cs\/wp-json\/wp\/v2\/pages\/4413","targetHints":{"allow":["GET"]}}],"collection":[{"href":"https:\/\/participationfactory.com\/cs\/wp-json\/wp\/v2\/pages"}],"about":[{"href":"https:\/\/participationfactory.com\/cs\/wp-json\/wp\/v2\/types\/page"}],"author":[{"embeddable":true,"href":"https:\/\/participationfactory.com\/cs\/wp-json\/wp\/v2\/users\/8"}],"replies":[{"embeddable":true,"href":"https:\/\/participationfactory.com\/cs\/wp-json\/wp\/v2\/comments?post=4413"}],"version-history":[{"count":0,"href":"https:\/\/participationfactory.com\/cs\/wp-json\/wp\/v2\/pages\/4413\/revisions"}],"wp:attachment":[{"href":"https:\/\/participationfactory.com\/cs\/wp-json\/wp\/v2\/media?parent=4413"}],"curies":[{"name":"wp","href":"https:\/\/api.w.org\/{rel}","templated":true}]}}