{"id":8352,"date":"2025-09-08T11:38:24","date_gmt":"2025-09-08T11:38:24","guid":{"rendered":"https:\/\/participationfactory.com\/?page_id=8352"},"modified":"2025-09-08T11:44:34","modified_gmt":"2025-09-08T11:44:34","slug":"politika-udrzitelnosti-a-zaclenovani","status":"publish","type":"page","link":"https:\/\/participationfactory.com\/cs\/politika-udrzitelnosti-a-zaclenovani\/","title":{"rendered":"Politika udr\u017eitelnosti a inkluze"},"content":{"rendered":"<p>Spole\u010dnost Participation Factory je zalo\u017eena na hodnot\u00e1ch inkluze, rovnosti, \u00fa\u010dasti, transparentnosti a udr\u017eitelnosti.<\/p>\n\n\n\n<p>Na\u0161e firemn\u00ed kultura integruje na\u0161e hodnoty t\u00edm nejprakti\u010dt\u011bj\u0161\u00edm zp\u016fsobem, proto\u017ee pravideln\u011b prov\u00e1d\u00edme participativn\u00ed aktivity, v\u010detn\u011b pravideln\u00fdch retrospektiv, smy\u010dek zp\u011btn\u00e9 vazby a p\u0159\u00edle\u017eitost\u00ed k tv\u016fr\u010d\u00ed spolupr\u00e1ci. N\u00e1\u0161 t\u00fdm tak\u00e9 siln\u011b podporuje pr\u00e1va LGBTQIA+ a \u017een a sna\u017e\u00ed se vytv\u00e1\u0159et bezpe\u010dn\u00e9 a posiluj\u00edc\u00ed prost\u0159ed\u00ed pro queer lidi a \u017eeny v na\u0161em t\u00fdmu, u na\u0161ich partner\u016f a p\u0159\u00edjemc\u016f. Jsme obzvl\u00e1\u0161t\u011b hrd\u00ed na to, \u017ee ve vedouc\u00edch pozic\u00edch m\u00e1me \u017eeny v\u010detn\u011b queer \u017eeny a \u017ee v na\u0161em t\u00fdmu p\u0159eva\u017euj\u00ed \u017eeny.<\/p>\n\n\n\n<p>Na\u0161e pr\u00e1ce v oblasti zapojen\u00ed ve\u0159ejnosti a komunit se zam\u011b\u0159uje na soci\u00e1ln\u00ed za\u010dlen\u011bn\u00ed a zlep\u0161en\u00ed blahobytu v\u0161ech prost\u0159ednictv\u00edm spolupr\u00e1ce, budov\u00e1n\u00ed konsensu a spoluvytv\u00e1\u0159en\u00ed udr\u017eiteln\u00fdch \u0159e\u0161en\u00ed jak na komun\u00e1ln\u00ed, tak na vl\u00e1dn\u00ed institucion\u00e1ln\u00ed \u00farovni.<\/p>\n\n\n\n<p>V r\u00e1mci na\u0161eho projektu se sna\u017e\u00edme vytvo\u0159it udr\u017eiteln\u00e9 modely spolupr\u00e1ce mezi vl\u00e1dou, z\u00fa\u010dastn\u011bn\u00fdmi stranami a m\u00edstn\u00ed komunitou. Jednou z na\u0161ich st\u011b\u017eejn\u00edch slu\u017eeb je vytv\u00e1\u0159en\u00ed infrastruktury pro participaci. Ta zaji\u0161\u0165uje, \u017ee osv\u011bd\u010den\u00e9 postupy, rozvinut\u00e9 dovednosti a projekty budou i v budoucnu p\u0159\u00ednosem pro m\u00edstn\u00ed komunitu a stanou se ned\u00edlnou sou\u010d\u00e1st\u00ed m\u00edstn\u00ed spr\u00e1vy, m\u00edsto aby hrozilo, \u017ee zaniknou se zm\u011bnou m\u00edstn\u00edch vl\u00e1dn\u00edch \u00fa\u0159edn\u00edk\u016f a politik\u016f.<\/p>\n\n\n\n<p>Jednou z kl\u00ed\u010dov\u00fdch hodnot \u00fa\u010dasti ve\u0159ejnosti je z\u00edsk\u00e1n\u00ed relevantn\u00edch \u00fadaj\u016f o pot\u0159eb\u00e1ch, preferenc\u00edch a probl\u00e9mech m\u00edstn\u00ed komunity. Tyto \u00fadaje pom\u00e1haj\u00ed p\u0159edch\u00e1zet mo\u017en\u00fdm konflikt\u016fm a l\u00e9pe je zm\u00edr\u0148ovat, maximalizovat kvalitu rozhodov\u00e1n\u00ed a n\u00e1sledn\u011b u\u0161et\u0159it cenn\u00e9 zdroje na realizaci nejvhodn\u011bj\u0161\u00edho \u0159e\u0161en\u00ed a z\u00e1rove\u0148 zvy\u0161ovat transparentnost a politickou podporu \u00fa\u010dastn\u00edk\u016f a m\u00edstn\u00ed komunity jako celku.<\/p>\n\n\n\n<p>Celkov\u011b se spole\u010dnost Participation Factory hl\u00e1s\u00ed k hodnot\u00e1m a c\u00edl\u016fm stanoven\u00fdm v C\u00edlech udr\u017eiteln\u00e9ho rozvoje Organizace spojen\u00fdch n\u00e1rod\u016f a na\u0161i pr\u00e1ci za\u0159azujeme do n\u00e1sleduj\u00edc\u00edch C\u00edl\u016f udr\u017eiteln\u00e9ho rozvoje:<\/p>\n\n\n\n<ul class=\"wp-block-list\">\n<li><strong>SDG 10: Sn\u00ed\u017een\u00ed nerovnost\u00ed<\/strong> - Do roku 2030 pos\u00edlit a podpo\u0159it soci\u00e1ln\u00ed, ekonomick\u00e9 a politick\u00e9 za\u010dlen\u011bn\u00ed v\u0161ech lid\u00ed.<\/li>\n\n\n\n<li><strong>SDG 11: Udr\u017eiteln\u00e1 m\u011bsta a komunity<\/strong> - Do roku 2030 pos\u00edlit inkluzivn\u00ed a udr\u017eitelnou urbanizaci a kapacitu pro participativn\u00ed, integrovan\u00e9 a udr\u017eiteln\u00e9 pl\u00e1nov\u00e1n\u00ed a \u0159\u00edzen\u00ed lidsk\u00fdch s\u00eddel.<\/li>\n\n\n\n<li><strong>SDG 16: Podporovat m\u00edrov\u00e9 a inkluzivn\u00ed spole\u010dnosti a budovat \u00fa\u010dinn\u00e9, odpov\u011bdn\u00e9 a inkluzivn\u00ed instituce na v\u0161ech \u00farovn\u00edch.<\/strong> - Rozv\u00edjet \u00fa\u010dinn\u00e9, odpov\u011bdn\u00e9 a transparentn\u00ed instituce na v\u0161ech \u00farovn\u00edch zajistit citliv\u00e9, inkluzivn\u00ed, participativn\u00ed a reprezentativn\u00ed rozhodov\u00e1n\u00ed na v\u0161ech \u00farovn\u00edch.<\/li>\n<\/ul>\n\n\n\n<p>Vzhledem k tomu, \u017ee na\u0161e projekty \u010dasto zahrnuj\u00ed mezin\u00e1rodn\u00ed slo\u017eku a zam\u011b\u0159uj\u00ed se na v\u00fdm\u011bnu mezi akt\u00e9ry, zahrnujeme tento c\u00edl udr\u017eiteln\u00e9ho rozvoje tak\u00e9 mezi na\u0161e hlavn\u00ed c\u00edle: <strong>SDG 17: Partnerstv\u00ed pro dosa\u017een\u00ed c\u00edl\u016f.<\/strong><\/p>\n\n\n\n<p><em>Posledn\u00ed aktualizace: \u010derven 2024<\/em><\/p>","protected":false},"excerpt":{"rendered":"<p>Participation Factory is built on the values of inclusion, equity, participation, transparency, and sustainability. Our company culture integrates our values in the most practical way as we exercise regular participatory activities, including regular retrospectives, feedback loops, and opportunities for creative cooperation. Our team also strongly supports LGBTQIA+ and women\u2019s rights and works to create safe [&hellip;]<\/p>\n","protected":false},"author":12,"featured_media":0,"parent":0,"menu_order":0,"comment_status":"closed","ping_status":"closed","template":"","meta":{"_acf_changed":false,"inline_featured_image":false,"footnotes":""},"class_list":["post-8352","page","type-page","status-publish","hentry"],"acf":[],"yoast_head":"<!-- This site is optimized with the Yoast SEO plugin v27.4 - https:\/\/yoast.com\/product\/yoast-seo-wordpress\/ -->\n<title>Sustainability and Inclusion Policy - Participation Factory<\/title>\n<meta name=\"robots\" content=\"index, follow, max-snippet:-1, max-image-preview:large, max-video-preview:-1\" \/>\n<link rel=\"canonical\" href=\"https:\/\/participationfactory.com\/cs\/politika-udrzitelnosti-a-zaclenovani\/\" \/>\n<meta property=\"og:locale\" content=\"cs_CZ\" \/>\n<meta property=\"og:type\" content=\"article\" \/>\n<meta property=\"og:title\" content=\"Sustainability and Inclusion Policy - Participation Factory\" \/>\n<meta property=\"og:description\" content=\"Participation Factory is built on the values of inclusion, equity, participation, transparency, and sustainability. Our company culture integrates our values in the most practical way as we exercise regular participatory activities, including regular retrospectives, feedback loops, and opportunities for creative cooperation. Our team also strongly supports LGBTQIA+ and women\u2019s rights and works to create safe [&hellip;]\" \/>\n<meta property=\"og:url\" content=\"https:\/\/participationfactory.com\/cs\/politika-udrzitelnosti-a-zaclenovani\/\" \/>\n<meta property=\"og:site_name\" content=\"Participation Factory\" \/>\n<meta property=\"article:modified_time\" content=\"2025-09-08T11:44:34+00:00\" \/>\n<meta property=\"og:image\" content=\"https:\/\/participationfactory.com\/wp-content\/uploads\/2025\/09\/OG_image.png\" \/>\n\t<meta property=\"og:image:width\" content=\"1200\" \/>\n\t<meta property=\"og:image:height\" content=\"630\" \/>\n\t<meta property=\"og:image:type\" content=\"image\/png\" \/>\n<meta name=\"twitter:card\" content=\"summary_large_image\" \/>\n<meta name=\"twitter:label1\" content=\"Odhadovan\u00e1 doba \u010dten\u00ed\" \/>\n\t<meta name=\"twitter:data1\" content=\"2 minuty\" \/>\n<script type=\"application\/ld+json\" class=\"yoast-schema-graph\">{\"@context\":\"https:\\\/\\\/schema.org\",\"@graph\":[{\"@type\":\"WebPage\",\"@id\":\"https:\\\/\\\/participationfactory.com\\\/en\\\/sustainability-and-inclusion-policy\\\/\",\"url\":\"https:\\\/\\\/participationfactory.com\\\/en\\\/sustainability-and-inclusion-policy\\\/\",\"name\":\"Sustainability and Inclusion Policy - Participation Factory\",\"isPartOf\":{\"@id\":\"https:\\\/\\\/participationfactory.com\\\/en\\\/#website\"},\"datePublished\":\"2025-09-08T11:38:24+00:00\",\"dateModified\":\"2025-09-08T11:44:34+00:00\",\"breadcrumb\":{\"@id\":\"https:\\\/\\\/participationfactory.com\\\/en\\\/sustainability-and-inclusion-policy\\\/#breadcrumb\"},\"inLanguage\":\"cs\",\"potentialAction\":[{\"@type\":\"ReadAction\",\"target\":[\"https:\\\/\\\/participationfactory.com\\\/en\\\/sustainability-and-inclusion-policy\\\/\"]}]},{\"@type\":\"BreadcrumbList\",\"@id\":\"https:\\\/\\\/participationfactory.com\\\/en\\\/sustainability-and-inclusion-policy\\\/#breadcrumb\",\"itemListElement\":[{\"@type\":\"ListItem\",\"position\":1,\"name\":\"Home\",\"item\":\"https:\\\/\\\/participationfactory.com\\\/\"},{\"@type\":\"ListItem\",\"position\":2,\"name\":\"Sustainability and Inclusion Policy\"}]},{\"@type\":\"WebSite\",\"@id\":\"https:\\\/\\\/participationfactory.com\\\/en\\\/#website\",\"url\":\"https:\\\/\\\/participationfactory.com\\\/en\\\/\",\"name\":\"Participation Factory\",\"description\":\"\",\"publisher\":{\"@id\":\"https:\\\/\\\/participationfactory.com\\\/en\\\/#organization\"},\"potentialAction\":[{\"@type\":\"SearchAction\",\"target\":{\"@type\":\"EntryPoint\",\"urlTemplate\":\"https:\\\/\\\/participationfactory.com\\\/en\\\/?s={search_term_string}\"},\"query-input\":{\"@type\":\"PropertyValueSpecification\",\"valueRequired\":true,\"valueName\":\"search_term_string\"}}],\"inLanguage\":\"cs\"},{\"@type\":\"Organization\",\"@id\":\"https:\\\/\\\/participationfactory.com\\\/en\\\/#organization\",\"name\":\"Participation Factory\",\"url\":\"https:\\\/\\\/participationfactory.com\\\/en\\\/\",\"logo\":{\"@type\":\"ImageObject\",\"inLanguage\":\"cs\",\"@id\":\"https:\\\/\\\/participationfactory.com\\\/en\\\/#\\\/schema\\\/logo\\\/image\\\/\",\"url\":\"https:\\\/\\\/participationfactory.com\\\/wp-content\\\/uploads\\\/2025\\\/09\\\/logo_participation-factory.svg\",\"contentUrl\":\"https:\\\/\\\/participationfactory.com\\\/wp-content\\\/uploads\\\/2025\\\/09\\\/logo_participation-factory.svg\",\"width\":482,\"height\":213,\"caption\":\"Participation Factory\"},\"image\":{\"@id\":\"https:\\\/\\\/participationfactory.com\\\/en\\\/#\\\/schema\\\/logo\\\/image\\\/\"}}]}<\/script>\n<!-- \/ Yoast SEO plugin. -->","yoast_head_json":{"title":"Politika udr\u017eitelnosti a za\u010dle\u0148ov\u00e1n\u00ed - Tov\u00e1rna na \u00fa\u010dast","robots":{"index":"index","follow":"follow","max-snippet":"max-snippet:-1","max-image-preview":"max-image-preview:large","max-video-preview":"max-video-preview:-1"},"canonical":"https:\/\/participationfactory.com\/cs\/politika-udrzitelnosti-a-zaclenovani\/","og_locale":"cs_CZ","og_type":"article","og_title":"Sustainability and Inclusion Policy - Participation Factory","og_description":"Participation Factory is built on the values of inclusion, equity, participation, transparency, and sustainability. Our company culture integrates our values in the most practical way as we exercise regular participatory activities, including regular retrospectives, feedback loops, and opportunities for creative cooperation. Our team also strongly supports LGBTQIA+ and women\u2019s rights and works to create safe [&hellip;]","og_url":"https:\/\/participationfactory.com\/cs\/politika-udrzitelnosti-a-zaclenovani\/","og_site_name":"Participation Factory","article_modified_time":"2025-09-08T11:44:34+00:00","og_image":[{"width":1200,"height":630,"url":"https:\/\/participationfactory.com\/wp-content\/uploads\/2025\/09\/OG_image.png","type":"image\/png"}],"twitter_card":"summary_large_image","twitter_misc":{"Odhadovan\u00e1 doba \u010dten\u00ed":"2 minuty"},"schema":{"@context":"https:\/\/schema.org","@graph":[{"@type":"WebPage","@id":"https:\/\/participationfactory.com\/en\/sustainability-and-inclusion-policy\/","url":"https:\/\/participationfactory.com\/en\/sustainability-and-inclusion-policy\/","name":"Politika udr\u017eitelnosti a za\u010dle\u0148ov\u00e1n\u00ed - Tov\u00e1rna na \u00fa\u010dast","isPartOf":{"@id":"https:\/\/participationfactory.com\/en\/#website"},"datePublished":"2025-09-08T11:38:24+00:00","dateModified":"2025-09-08T11:44:34+00:00","breadcrumb":{"@id":"https:\/\/participationfactory.com\/en\/sustainability-and-inclusion-policy\/#breadcrumb"},"inLanguage":"cs","potentialAction":[{"@type":"ReadAction","target":["https:\/\/participationfactory.com\/en\/sustainability-and-inclusion-policy\/"]}]},{"@type":"BreadcrumbList","@id":"https:\/\/participationfactory.com\/en\/sustainability-and-inclusion-policy\/#breadcrumb","itemListElement":[{"@type":"ListItem","position":1,"name":"Home","item":"https:\/\/participationfactory.com\/"},{"@type":"ListItem","position":2,"name":"Sustainability and Inclusion Policy"}]},{"@type":"WebSite","@id":"https:\/\/participationfactory.com\/en\/#website","url":"https:\/\/participationfactory.com\/en\/","name":"Participation Factory","description":"","publisher":{"@id":"https:\/\/participationfactory.com\/en\/#organization"},"potentialAction":[{"@type":"SearchAction","target":{"@type":"EntryPoint","urlTemplate":"https:\/\/participationfactory.com\/en\/?s={search_term_string}"},"query-input":{"@type":"PropertyValueSpecification","valueRequired":true,"valueName":"search_term_string"}}],"inLanguage":"cs"},{"@type":"Organization","@id":"https:\/\/participationfactory.com\/en\/#organization","name":"Participation Factory","url":"https:\/\/participationfactory.com\/en\/","logo":{"@type":"ImageObject","inLanguage":"cs","@id":"https:\/\/participationfactory.com\/en\/#\/schema\/logo\/image\/","url":"https:\/\/participationfactory.com\/wp-content\/uploads\/2025\/09\/logo_participation-factory.svg","contentUrl":"https:\/\/participationfactory.com\/wp-content\/uploads\/2025\/09\/logo_participation-factory.svg","width":482,"height":213,"caption":"Participation Factory"},"image":{"@id":"https:\/\/participationfactory.com\/en\/#\/schema\/logo\/image\/"}}]}},"_links":{"self":[{"href":"https:\/\/participationfactory.com\/cs\/wp-json\/wp\/v2\/pages\/8352","targetHints":{"allow":["GET"]}}],"collection":[{"href":"https:\/\/participationfactory.com\/cs\/wp-json\/wp\/v2\/pages"}],"about":[{"href":"https:\/\/participationfactory.com\/cs\/wp-json\/wp\/v2\/types\/page"}],"author":[{"embeddable":true,"href":"https:\/\/participationfactory.com\/cs\/wp-json\/wp\/v2\/users\/12"}],"replies":[{"embeddable":true,"href":"https:\/\/participationfactory.com\/cs\/wp-json\/wp\/v2\/comments?post=8352"}],"version-history":[{"count":0,"href":"https:\/\/participationfactory.com\/cs\/wp-json\/wp\/v2\/pages\/8352\/revisions"}],"wp:attachment":[{"href":"https:\/\/participationfactory.com\/cs\/wp-json\/wp\/v2\/media?parent=8352"}],"curies":[{"name":"wp","href":"https:\/\/api.w.org\/{rel}","templated":true}]}}