{"id":8379,"date":"2025-09-08T14:13:16","date_gmt":"2025-09-08T14:13:16","guid":{"rendered":"https:\/\/participationfactory.com\/?page_id=8379"},"modified":"2025-09-08T17:13:10","modified_gmt":"2025-09-08T17:13:10","slug":"facilitacni-bootcamp","status":"publish","type":"page","link":"https:\/\/participationfactory.com\/cs\/facilitacni-bootcamp\/","title":{"rendered":"Facilita\u010dn\u00ed Bootcamp"},"content":{"rendered":"<p>Facilitac\u030cni\u0301 bootcamp je intenzivni\u0301 prakticky zame\u030cr\u030ceny\u0301 workshop facilitace. Celodenni\u0301 tre\u0301nink Va\u0301m pomu\u030az\u030ce k nastartova\u0301ni\u0301 nove\u0301 karie\u0301ry facilita\u0301tora c\u030ci facilita\u0301torky. Na sve\u0301 si pr\u030cijdou i zkus\u030cene\u030cjs\u030ci\u0301! Prakticky si vyzkous\u030ci\u0301te i sloz\u030cite\u030cjs\u030ci\u0301 facilitac\u030cni\u0301 metody pro setka\u0301ni\u0301 s ver\u030cejnosti\u0301, ale i k vedeni\u0301 pracovni\u0301ch meetingu\u030a.<\/p>\n\n\n\n<p>C\u030ci\u0301m Va\u0301s provedeme<\/p>\n\n\n\n<ul class=\"wp-block-list\">\n<li>Komplexni\u0301 pr\u030ci\u0301prava na facilitaci<\/li>\n\n\n\n<li>Warmupy, icebreakery a energizery<\/li>\n\n\n\n<li>Facilitac\u030cni\u0301 metody a techniky<\/li>\n\n\n\n<li>Krizove\u0301 a konfliktni\u0301 situace a jejich r\u030ces\u030ceni\u0301<\/li>\n\n\n\n<li>Za\u0301pisy, protokoly a reporting<\/li>\n\n\n\n<li>Pra\u0301ce s prostorem<\/li>\n\n\n\n<li>Digita\u0301lni\u0301 na\u0301stroje<\/li>\n<\/ul>\n\n\n\n<p>Pr\u030cedstavi\u0301me Va\u0301m ru\u030azne\u0301 facilitac\u030cni\u0301 metody a na\u0301stroje pro ru\u030azne\u0301 druhy setka\u0301ni\u0301 \u2013 od maly\u0301ch skupin, po stovky lidi\u0301. Projdete s na\u0301mi prakticke\u0301 na\u0301cviky a vyzkous\u030ci\u0301te si, jake\u0301 je to by\u0301t v roli facilita\u0301toru\u030a a facilita\u0301torek, ale i u\u0301c\u030castni\u0301ku\u030a a u\u0301c\u030castnic setka\u0301ni\u0301. Nezahlcujeme teorii\u0301, du\u030araz klademe na praxi.<\/p>\n\n\n\n<h2 class=\"wp-block-heading\">Zaujala v\u00e1s nab\u00eddka? <\/h2>\n\n\n\n<p>Napi\u0161te n\u00e1m na <a href=\"mailto:info@participationfactory.com\">info@participationfactory.com<\/a><\/p>","protected":false},"excerpt":{"rendered":"<p>Facilitation Bootcamp is an intensive, hands-on facilitation workshop. The full-day training will help you to start a new career as a facilitator. Even the experienced facilitators will master new skills and techniques! You will have hands-on experience with more complex facilitation methods for public meetings and conducting business meetings. We will guide you through We [&hellip;]<\/p>\n","protected":false},"author":12,"featured_media":0,"parent":0,"menu_order":0,"comment_status":"closed","ping_status":"closed","template":"","meta":{"_acf_changed":false,"inline_featured_image":false,"footnotes":""},"class_list":["post-8379","page","type-page","status-publish","hentry"],"acf":[],"yoast_head":"<!-- This site is optimized with the Yoast SEO plugin v27.6 - https:\/\/yoast.com\/product\/yoast-seo-wordpress\/ -->\n<title>Facilitation bootcamp - Participation Factory<\/title>\n<meta name=\"robots\" content=\"index, follow, max-snippet:-1, max-image-preview:large, max-video-preview:-1\" \/>\n<link rel=\"canonical\" href=\"https:\/\/participationfactory.com\/cs\/facilitacni-bootcamp\/\" \/>\n<meta property=\"og:locale\" content=\"cs_CZ\" \/>\n<meta property=\"og:type\" content=\"article\" \/>\n<meta property=\"og:title\" content=\"Facilitation bootcamp - Participation Factory\" \/>\n<meta property=\"og:description\" content=\"Facilitation Bootcamp is an intensive, hands-on facilitation workshop. The full-day training will help you to start a new career as a facilitator. Even the experienced facilitators will master new skills and techniques! You will have hands-on experience with more complex facilitation methods for public meetings and conducting business meetings. We will guide you through We [&hellip;]\" \/>\n<meta property=\"og:url\" content=\"https:\/\/participationfactory.com\/cs\/facilitacni-bootcamp\/\" \/>\n<meta property=\"og:site_name\" content=\"Participation Factory\" \/>\n<meta property=\"article:modified_time\" content=\"2025-09-08T17:13:10+00:00\" \/>\n<meta property=\"og:image\" content=\"https:\/\/participationfactory.com\/wp-content\/uploads\/2025\/09\/OG_image.png\" \/>\n\t<meta property=\"og:image:width\" content=\"1200\" \/>\n\t<meta property=\"og:image:height\" content=\"630\" \/>\n\t<meta property=\"og:image:type\" content=\"image\/png\" \/>\n<meta name=\"twitter:card\" content=\"summary_large_image\" \/>\n<meta name=\"twitter:label1\" content=\"Odhadovan\u00e1 doba \u010dten\u00ed\" \/>\n\t<meta name=\"twitter:data1\" content=\"1 minuta\" \/>\n<script type=\"application\/ld+json\" class=\"yoast-schema-graph\">{\"@context\":\"https:\\\/\\\/schema.org\",\"@graph\":[{\"@type\":\"WebPage\",\"@id\":\"https:\\\/\\\/participationfactory.com\\\/en\\\/facilitation-bootcamp\\\/\",\"url\":\"https:\\\/\\\/participationfactory.com\\\/en\\\/facilitation-bootcamp\\\/\",\"name\":\"Facilitation bootcamp - Participation Factory\",\"isPartOf\":{\"@id\":\"https:\\\/\\\/participationfactory.com\\\/en\\\/#website\"},\"datePublished\":\"2025-09-08T14:13:16+00:00\",\"dateModified\":\"2025-09-08T17:13:10+00:00\",\"breadcrumb\":{\"@id\":\"https:\\\/\\\/participationfactory.com\\\/en\\\/facilitation-bootcamp\\\/#breadcrumb\"},\"inLanguage\":\"cs\",\"potentialAction\":[{\"@type\":\"ReadAction\",\"target\":[\"https:\\\/\\\/participationfactory.com\\\/en\\\/facilitation-bootcamp\\\/\"]}]},{\"@type\":\"BreadcrumbList\",\"@id\":\"https:\\\/\\\/participationfactory.com\\\/en\\\/facilitation-bootcamp\\\/#breadcrumb\",\"itemListElement\":[{\"@type\":\"ListItem\",\"position\":1,\"name\":\"Home\",\"item\":\"https:\\\/\\\/participationfactory.com\\\/\"},{\"@type\":\"ListItem\",\"position\":2,\"name\":\"Facilitation bootcamp\"}]},{\"@type\":\"WebSite\",\"@id\":\"https:\\\/\\\/participationfactory.com\\\/en\\\/#website\",\"url\":\"https:\\\/\\\/participationfactory.com\\\/en\\\/\",\"name\":\"Participation Factory\",\"description\":\"\",\"publisher\":{\"@id\":\"https:\\\/\\\/participationfactory.com\\\/en\\\/#organization\"},\"potentialAction\":[{\"@type\":\"SearchAction\",\"target\":{\"@type\":\"EntryPoint\",\"urlTemplate\":\"https:\\\/\\\/participationfactory.com\\\/en\\\/?s={search_term_string}\"},\"query-input\":{\"@type\":\"PropertyValueSpecification\",\"valueRequired\":true,\"valueName\":\"search_term_string\"}}],\"inLanguage\":\"cs\"},{\"@type\":\"Organization\",\"@id\":\"https:\\\/\\\/participationfactory.com\\\/en\\\/#organization\",\"name\":\"Participation Factory\",\"url\":\"https:\\\/\\\/participationfactory.com\\\/en\\\/\",\"logo\":{\"@type\":\"ImageObject\",\"inLanguage\":\"cs\",\"@id\":\"https:\\\/\\\/participationfactory.com\\\/en\\\/#\\\/schema\\\/logo\\\/image\\\/\",\"url\":\"https:\\\/\\\/participationfactory.com\\\/wp-content\\\/uploads\\\/2025\\\/09\\\/logo_participation-factory.svg\",\"contentUrl\":\"https:\\\/\\\/participationfactory.com\\\/wp-content\\\/uploads\\\/2025\\\/09\\\/logo_participation-factory.svg\",\"width\":482,\"height\":213,\"caption\":\"Participation Factory\"},\"image\":{\"@id\":\"https:\\\/\\\/participationfactory.com\\\/en\\\/#\\\/schema\\\/logo\\\/image\\\/\"}}]}<\/script>\n<!-- \/ Yoast SEO plugin. -->","yoast_head_json":{"title":"Facilita\u010dn\u00ed Bootcamp - Participation Factory","robots":{"index":"index","follow":"follow","max-snippet":"max-snippet:-1","max-image-preview":"max-image-preview:large","max-video-preview":"max-video-preview:-1"},"canonical":"https:\/\/participationfactory.com\/cs\/facilitacni-bootcamp\/","og_locale":"cs_CZ","og_type":"article","og_title":"Facilitation bootcamp - Participation Factory","og_description":"Facilitation Bootcamp is an intensive, hands-on facilitation workshop. The full-day training will help you to start a new career as a facilitator. Even the experienced facilitators will master new skills and techniques! You will have hands-on experience with more complex facilitation methods for public meetings and conducting business meetings. We will guide you through We [&hellip;]","og_url":"https:\/\/participationfactory.com\/cs\/facilitacni-bootcamp\/","og_site_name":"Participation Factory","article_modified_time":"2025-09-08T17:13:10+00:00","og_image":[{"width":1200,"height":630,"url":"https:\/\/participationfactory.com\/wp-content\/uploads\/2025\/09\/OG_image.png","type":"image\/png"}],"twitter_card":"summary_large_image","twitter_misc":{"Odhadovan\u00e1 doba \u010dten\u00ed":"1 minuta"},"schema":{"@context":"https:\/\/schema.org","@graph":[{"@type":"WebPage","@id":"https:\/\/participationfactory.com\/en\/facilitation-bootcamp\/","url":"https:\/\/participationfactory.com\/en\/facilitation-bootcamp\/","name":"Facilita\u010dn\u00ed Bootcamp - Participation Factory","isPartOf":{"@id":"https:\/\/participationfactory.com\/en\/#website"},"datePublished":"2025-09-08T14:13:16+00:00","dateModified":"2025-09-08T17:13:10+00:00","breadcrumb":{"@id":"https:\/\/participationfactory.com\/en\/facilitation-bootcamp\/#breadcrumb"},"inLanguage":"cs","potentialAction":[{"@type":"ReadAction","target":["https:\/\/participationfactory.com\/en\/facilitation-bootcamp\/"]}]},{"@type":"BreadcrumbList","@id":"https:\/\/participationfactory.com\/en\/facilitation-bootcamp\/#breadcrumb","itemListElement":[{"@type":"ListItem","position":1,"name":"Home","item":"https:\/\/participationfactory.com\/"},{"@type":"ListItem","position":2,"name":"Facilitation bootcamp"}]},{"@type":"WebSite","@id":"https:\/\/participationfactory.com\/en\/#website","url":"https:\/\/participationfactory.com\/en\/","name":"Participation Factory","description":"","publisher":{"@id":"https:\/\/participationfactory.com\/en\/#organization"},"potentialAction":[{"@type":"SearchAction","target":{"@type":"EntryPoint","urlTemplate":"https:\/\/participationfactory.com\/en\/?s={search_term_string}"},"query-input":{"@type":"PropertyValueSpecification","valueRequired":true,"valueName":"search_term_string"}}],"inLanguage":"cs"},{"@type":"Organization","@id":"https:\/\/participationfactory.com\/en\/#organization","name":"Participation Factory","url":"https:\/\/participationfactory.com\/en\/","logo":{"@type":"ImageObject","inLanguage":"cs","@id":"https:\/\/participationfactory.com\/en\/#\/schema\/logo\/image\/","url":"https:\/\/participationfactory.com\/wp-content\/uploads\/2025\/09\/logo_participation-factory.svg","contentUrl":"https:\/\/participationfactory.com\/wp-content\/uploads\/2025\/09\/logo_participation-factory.svg","width":482,"height":213,"caption":"Participation Factory"},"image":{"@id":"https:\/\/participationfactory.com\/en\/#\/schema\/logo\/image\/"}}]}},"_links":{"self":[{"href":"https:\/\/participationfactory.com\/cs\/wp-json\/wp\/v2\/pages\/8379","targetHints":{"allow":["GET"]}}],"collection":[{"href":"https:\/\/participationfactory.com\/cs\/wp-json\/wp\/v2\/pages"}],"about":[{"href":"https:\/\/participationfactory.com\/cs\/wp-json\/wp\/v2\/types\/page"}],"author":[{"embeddable":true,"href":"https:\/\/participationfactory.com\/cs\/wp-json\/wp\/v2\/users\/12"}],"replies":[{"embeddable":true,"href":"https:\/\/participationfactory.com\/cs\/wp-json\/wp\/v2\/comments?post=8379"}],"version-history":[{"count":1,"href":"https:\/\/participationfactory.com\/cs\/wp-json\/wp\/v2\/pages\/8379\/revisions"}],"predecessor-version":[{"id":8791,"href":"https:\/\/participationfactory.com\/cs\/wp-json\/wp\/v2\/pages\/8379\/revisions\/8791"}],"wp:attachment":[{"href":"https:\/\/participationfactory.com\/cs\/wp-json\/wp\/v2\/media?parent=8379"}],"curies":[{"name":"wp","href":"https:\/\/api.w.org\/{rel}","templated":true}]}}